{"id":33,"date":"2018-01-29T20:32:14","date_gmt":"2018-01-29T20:32:14","guid":{"rendered":"http:\/\/techtune.de\/?page_id=33"},"modified":"2018-01-31T22:04:59","modified_gmt":"2018-01-31T22:04:59","slug":"startseite","status":"publish","type":"page","link":"https:\/\/techtune.de\/","title":{"rendered":"Startseite"},"content":{"rendered":"<p><em><strong>Herzlich Willkommen bei TT Performance<\/strong><\/em><\/p>\n<p>TT Performance programmiert eigene, auf das Fahrzeug abgestimmte Tuningl\u00f6sungen zur Optimierung der Fahrzeugleistung.<\/p>\n<p>Unsere Expertise erm\u00f6glicht ebenfalls die Montage und Anpassung von nachtr\u00e4glichen Modifikationen. Dabei verzichten wir auf vorgefertigte fremde Datens\u00e4tze und den Einsatz von Tuningboxen.<\/p>\n<p><img loading=\"lazy\" decoding=\"async\" class=\"alignnone size-medium wp-image-75\" src=\"http:\/\/techtune.de\/wp-content\/uploads\/2018\/01\/TT-transparent-01-300x100.png\" alt=\"\" width=\"300\" height=\"100\" srcset=\"https:\/\/techtune.de\/wp-content\/uploads\/2018\/01\/TT-transparent-01-300x100.png 300w, https:\/\/techtune.de\/wp-content\/uploads\/2018\/01\/TT-transparent-01-768x256.png 768w, https:\/\/techtune.de\/wp-content\/uploads\/2018\/01\/TT-transparent-01-1024x341.png 1024w\" sizes=\"auto, (max-width: 300px) 100vw, 300px\" \/><\/p>\n<p><em>Bitte haben sie Verst\u00e4ndnis daf\u00fcr dass sich unsere Website momentan im Aufbau befindet.<\/em><\/p>\n","protected":false},"excerpt":{"rendered":"<p>Herzlich Willkommen bei TT Performance TT Performance programmiert eigene, auf das Fahrzeug abgestimmte Tuningl\u00f6sungen zur Optimierung der Fahrzeugleistung. Unsere Expertise erm\u00f6glicht ebenfalls die Montage und Anpassung von nachtr\u00e4glichen Modifikationen. Dabei verzichten wir auf vorgefertigte fremde Datens\u00e4tze und den Einsatz von Tuningboxen. Bitte haben sie Verst\u00e4ndnis daf\u00fcr dass sich unsere Website momentan im Aufbau befindet.<\/p>\n","protected":false},"author":1,"featured_media":0,"parent":0,"menu_order":0,"comment_status":"closed","ping_status":"closed","template":"","meta":{"footnotes":""},"class_list":["post-33","page","type-page","status-publish","hentry"],"_links":{"self":[{"href":"https:\/\/techtune.de\/index.php?rest_route=\/wp\/v2\/pages\/33","targetHints":{"allow":["GET"]}}],"collection":[{"href":"https:\/\/techtune.de\/index.php?rest_route=\/wp\/v2\/pages"}],"about":[{"href":"https:\/\/techtune.de\/index.php?rest_route=\/wp\/v2\/types\/page"}],"author":[{"embeddable":true,"href":"https:\/\/techtune.de\/index.php?rest_route=\/wp\/v2\/users\/1"}],"replies":[{"embeddable":true,"href":"https:\/\/techtune.de\/index.php?rest_route=%2Fwp%2Fv2%2Fcomments&post=33"}],"version-history":[{"count":7,"href":"https:\/\/techtune.de\/index.php?rest_route=\/wp\/v2\/pages\/33\/revisions"}],"predecessor-version":[{"id":78,"href":"https:\/\/techtune.de\/index.php?rest_route=\/wp\/v2\/pages\/33\/revisions\/78"}],"wp:attachment":[{"href":"https:\/\/techtune.de\/index.php?rest_route=%2Fwp%2Fv2%2Fmedia&parent=33"}],"curies":[{"name":"wp","href":"https:\/\/api.w.org\/{rel}","templated":true}]}}