{"id":27,"date":"2018-01-29T22:37:27","date_gmt":"2018-01-29T22:37:27","guid":{"rendered":"http:\/\/techtune.de\/?page_id=27"},"modified":"2018-01-30T21:33:38","modified_gmt":"2018-01-30T21:33:38","slug":"chiptuning","status":"publish","type":"page","link":"https:\/\/techtune.de\/?page_id=27","title":{"rendered":"Chiptuning"},"content":{"rendered":"<h2><em>Was ist eigentlich Chiptuning und wie Funktioniert es ?<\/em><\/h2>\n<p>Jeder Einspritzmotor; hat eine elektronische Steuereinheit die sich ECU (engl. Electronic Control Unit) nennt und die Z\u00fcndung, Einspritzung und das Luft-Kraftstoff-Gemisch steuert. Dieses Steuerger\u00e4t hat alle notwendigen Einstellungen und Parameter, damit der Motor funktioniert. Wir bearbeiten diese Datens\u00e4tze im Steuerger\u00e4t und programmieren f\u00fcr jeden Motor ein individuell Optimiertes Kennfeld.\u00a0Dieser Vorgang wird Chiptuning genannt.<\/p>\n<p>Weniger als 10% der Chiptuner in Deutschland entwickeln ihre eigene Software. Die meisten kaufen die Kennfelder von irgendwelchen Programmierern \u00fcber Internet-Foren oder sonstige Plattformen. Es gibt tats\u00e4chlich drei Gr\u00fcnde f\u00fcr den Kauf von externer Software.<\/p>\n<p>1. Haben nur sehr wenige Programmierer das Wissen, ihre eigene Software zu schreiben und eine perfekte Feinabstimmung des Motors vorzunehmen.<\/p>\n<p>2. Im Allgemeinen ist es notwendig, sehr viel Zeit und Geld in die Entwicklung zu stecken, beispielsweise n\u00e4mlich Diagnoseger\u00e4te, Abgasanalysatoren, W\u00e4rmemanagement-Software und -Modelle, CAN-Bus-Analysatoren, Mikroprozessor-Debugger und so weiter.<\/p>\n<p>3. Da der Lohnfaktor heutzutage eine wichtige Rolle spielt, kaufen Chiptuner lieber Software, die sie h\u00e4ufiger verkaufen k\u00f6nnen, was im Vergleich zur Softwareentwicklung sowohl Zeit als auch Geld spart.<\/p>\n<p>Wie auch immer, wir sind TT Performance, wir glauben, dass kein Gem\u00fcse so lecker und nat\u00fcrlich sein kann, wie selbst angebaut, kontrolliert, 100% frisch und unverf\u00e4lscht im eigenen Garten ist. In diesem Zusammenhang entwickeln und testen wir unsere eigene Software. Wir entwickeln unsere Software, halten Grenzwerte ein und bieten dem Kunden ma\u00dfgeschneiderte Software f\u00fcr Ihre Fahrzeuge an.<\/p>\n<h2><em>Was \u00e4ndern wir in der Programmierung ?<\/em><\/h2>\n<p>Genau hier liegt die Spreu im Weizen. Wir ver\u00e4ndern einige Parameter wodurch wir mehr Leistung erzielen. Durch diese Parameter werden die entsprechenden Komponenten im Motor zwischen 3-4% mehr belastet, was aber kein Problem ist, da es vollst\u00e4ndig innerhalb der Grenzen des Herstellers liegt. Thermik und Notlaufeigenschaften spielen hierbei f\u00fcr uns eine gro\u00dfe Rolle und wird nicht au\u00dfer acht gelassen.<\/p>\n<h2><em>Das Klassische Chiptuning, oder eine Chiptuning-Box wo liegt der unterschied ?<\/em><\/h2>\n<p>Beim Klassischen Chiptuning werden im Steuerger\u00e4t vorhandene Datens\u00e4tze und Parameter ge\u00e4ndert und auch alle Kennfeld abh\u00e4ngigen Sicherheitsfunktionen bleiben erhalten.<\/p>\n<p>Eine Chiptuning-Box ist eine Art Zusatzsteuerger\u00e4t, welches zus\u00e4tzlich verbaut werden muss und zur Sensordatenmanipulation dient. Der ECU werden beispielsweise zu geringer Ladedruck, Raildruck und Co vorgegaukelt. Leider ist es auch sehr oft so das sogenannte DTC-Killer integriert sind welche die Funktion \u00fcbernehmen st\u00e4ndig im Millisekundentakt auftretende Fehler die durch die Sensordatenmanipulation entstehen zu l\u00f6schen womit die Notlaufeigenschaften des Motors ausgeschaltet werden.<\/p>\n<h2><em>Wie lange dauert ein Chiptuning ?<\/em><\/h2>\n<p>&nbsp;<\/p>\n<h2><em>Ist ein Chiptuning sch\u00e4dlich f\u00fcr den Motor ?<\/em><\/h2>\n<p>&nbsp;<\/p>\n<h2><em>Was ist mit Fahrzeugen welche noch in der Garantiezeit liegen ?<\/em><\/h2>\n<p>&nbsp;<\/p>\n<h2><em>Was muss ich machen wenn ein Softwareupdate seitens Hersteller bei meinem Fahrzeug gemacht wird ?<\/em><\/h2>\n","protected":false},"excerpt":{"rendered":"<p>Was ist eigentlich Chiptuning und wie Funktioniert es ? Jeder Einspritzmotor; hat eine elektronische Steuereinheit die sich ECU (engl. Electronic Control Unit) nennt und die Z\u00fcndung, Einspritzung und das Luft-Kraftstoff-Gemisch steuert. Dieses Steuerger\u00e4t hat alle notwendigen Einstellungen und Parameter, damit der Motor funktioniert. Wir bearbeiten diese Datens\u00e4tze im Steuerger\u00e4t und programmieren f\u00fcr jeden Motor ein &hellip; <\/p>\n<p class=\"link-more\"><a href=\"https:\/\/techtune.de\/?page_id=27\" class=\"more-link\"><span class=\"screen-reader-text\">\u201eChiptuning\u201c <\/span>weiterlesen<\/a><\/p>\n","protected":false},"author":1,"featured_media":0,"parent":0,"menu_order":0,"comment_status":"closed","ping_status":"closed","template":"","meta":{"footnotes":""},"class_list":["post-27","page","type-page","status-publish","hentry"],"_links":{"self":[{"href":"https:\/\/techtune.de\/index.php?rest_route=\/wp\/v2\/pages\/27","targetHints":{"allow":["GET"]}}],"collection":[{"href":"https:\/\/techtune.de\/index.php?rest_route=\/wp\/v2\/pages"}],"about":[{"href":"https:\/\/techtune.de\/index.php?rest_route=\/wp\/v2\/types\/page"}],"author":[{"embeddable":true,"href":"https:\/\/techtune.de\/index.php?rest_route=\/wp\/v2\/users\/1"}],"replies":[{"embeddable":true,"href":"https:\/\/techtune.de\/index.php?rest_route=%2Fwp%2Fv2%2Fcomments&post=27"}],"version-history":[{"count":8,"href":"https:\/\/techtune.de\/index.php?rest_route=\/wp\/v2\/pages\/27\/revisions"}],"predecessor-version":[{"id":74,"href":"https:\/\/techtune.de\/index.php?rest_route=\/wp\/v2\/pages\/27\/revisions\/74"}],"wp:attachment":[{"href":"https:\/\/techtune.de\/index.php?rest_route=%2Fwp%2Fv2%2Fmedia&parent=27"}],"curies":[{"name":"wp","href":"https:\/\/api.w.org\/{rel}","templated":true}]}}